{"id":3051,"date":"2018-03-31T20:42:25","date_gmt":"2018-03-31T18:42:25","guid":{"rendered":"https:\/\/demo9.secretlab.pw\/?page_id=3051"},"modified":"2023-01-02T19:47:27","modified_gmt":"2023-01-02T18:47:27","slug":"services","status":"publish","type":"page","link":"https:\/\/www.designforeu.com\/fr\/services\/","title":{"rendered":"Our Services"},"content":{"rendered":"<p><section class=\"kc-elm kc-css-944981 kc_row\"><div class=\"befbgr\" data-ssc-svg=\"\" data-ssc-img-s=\"\" data-ssc-img-anim=\"\"><\/div><div class=\"befbgr\" data-ssc-svg=\"\" data-ssc-img-s=\"\" data-ssc-img-anim=\"\"><\/div><div class=\"aftbgr\" data-ssc-svg=\"\" data-ssc-img-s=\"\" data-ssc-img-anim=\"\"><\/div><div class=\"aftbgr\" data-ssc-svg=\"\" data-ssc-img-s=\"\" data-ssc-img-anim=\"\"><\/div><div class=\"befbgr5\" data-ssc-svg=\"\" data-ssc-img-s=\"\" data-ssc-img-anim=\"\"><\/div><div class=\"befbgr6\" data-ssc-svg=\"\" data-ssc-img-s=\"\" data-ssc-img-anim=\"\"><\/div><div class=\"aftbgr7\" data-ssc-svg=\"\" data-ssc-img-s=\"\" data-ssc-img-anim=\"\"><\/div><div class=\"aftbgr8\" data-ssc-svg=\"\" data-ssc-img-s=\"\" data-ssc-img-anim=\"\"><\/div><div class=\"kc-row-container  kc-container\"><div class=\"kc-wrap-columns\"><div class=\"kc-elm kc-css-711643 kc_col-sm-12 kc_column kc_col-sm-12\"><div class=\"kc-col-container\"><div  class=\"ssc_mltttl  kc-elm kc-css-850189\"><div class=\"wr deb derb dea dera none nonea\"><h2 class=\"t1\">We Offer <\/h2><h2 class=\"t2\">Professional <\/h2><h2 class=\"t3\">Web & App<\/h2><h2 class=\"t4\">Design Services<\/h2><p class=\"t5\">After analysing your goals and your market We offer professional web design or\/and Applications services at affordable rates to help your ambitious Vision!<\/p><\/div><\/div><\/div><\/div><\/div><\/div><\/section><section class=\"kc-elm kc-css-725832 kc_row services_block\"><div class=\"befbgr\" data-ssc-svg=\"\" data-ssc-img-s=\"\" data-ssc-img-anim=\"\"><\/div><div class=\"befbgr\" data-ssc-svg=\"\" data-ssc-img-s=\"\" data-ssc-img-anim=\"\"><\/div><div class=\"aftbgr\" data-ssc-svg=\"\" data-ssc-img-s=\"\" data-ssc-img-anim=\"\"><\/div><div class=\"aftbgr\" data-ssc-svg=\"\" data-ssc-img-s=\"\" data-ssc-img-anim=\"\"><\/div><div class=\"befbgr5\" data-ssc-svg=\"\" data-ssc-img-s=\"\" data-ssc-img-anim=\"\"><\/div><div class=\"befbgr6\" data-ssc-svg=\"\" data-ssc-img-s=\"\" data-ssc-img-anim=\"\"><\/div><div class=\"aftbgr7\" data-ssc-svg=\"\" data-ssc-img-s=\"\" data-ssc-img-anim=\"\"><\/div><div class=\"aftbgr8\" data-ssc-svg=\"\" data-ssc-img-s=\"\" data-ssc-img-anim=\"\"><\/div><div class=\"kc-row-container  kc-container\"><div class=\"kc-wrap-columns\"><div class=\"kc-elm kc-css-888983 kc_col-sm-12 kc_column kc_col-sm-12\"><div class=\"kc-col-container\"><div class=\"kc-elm kc-css-704465 kc_row kc_row_inner sst-flex-row-inner\"><div class=\"kc-elm kc-css-973034 kc_col-sm-6 kc_column_inner kc_col-sm-6\"><div class=\"kc_wrapper kc-col-inner-container\"><div  class=\"ssc_icon_box kc-elm kc-css-89328 template3\"><div class=\"icon_box\"><div class=\"bgr_icon\"><i class=\"nat-cirleborder\" style=\"font-size:70px; width:70px; height:70px\"><\/i><\/div><div class=\"c_svg\" style=\"margin-top: -70px;\"><div><svg width=\"30\" height=\"30\" viewbox=\"0 0 30 30\" xmlns=\"http:\/\/www.w3.org\/2000\/svg\">\n<path d=\"M12.9255 25.9074V18.2346C12.9255 17.9701 12.7113 17.7559 12.4468 17.7559H9.25533C8.99089 17.7559 8.77661 17.9701 8.77661 18.2346C8.77661 18.499 8.99089 18.7133 9.25533 18.7133H11.9681V25.9074C11.0544 26.1242 10.3724 26.9465 10.3724 27.9255C10.3724 29.0694 11.3029 30 12.4468 30C13.5907 30 14.5213 29.0694 14.5213 27.9255C14.5213 26.9465 13.8393 26.1242 12.9255 25.9074ZM12.4468 29.0426C11.8309 29.0426 11.3298 28.5414 11.3298 27.9255C11.3298 27.3096 11.8309 26.8085 12.4468 26.8085C13.0627 26.8085 13.5638 27.3096 13.5638 27.9255C13.5638 28.5414 13.0627 29.0426 12.4468 29.0426Z\"\/>\n<path d=\"M18.0319 25.9074V18.2346C18.0319 17.9701 17.8177 17.7559 17.5532 17.7559H14.3618C14.0973 17.7559 13.8831 17.9701 13.8831 18.2346C13.8831 18.499 14.0973 18.7133 14.3618 18.7133H17.0745V25.9074C16.1608 26.1242 15.4787 26.9465 15.4787 27.9255C15.4787 29.0694 16.4093 30 17.5532 30C18.6971 30 19.6277 29.0694 19.6277 27.9255C19.6277 26.9465 18.9457 26.1242 18.0319 25.9074ZM17.5532 29.0426C16.9373 29.0426 16.4362 28.5414 16.4362 27.9255C16.4362 27.3096 16.9373 26.8085 17.5532 26.8085C18.1691 26.8085 18.6702 27.3096 18.6702 27.9255C18.6702 28.5414 18.1691 29.0426 17.5532 29.0426Z\"\/>\n<path d=\"M26.1702 22.6596C25.1911 22.6596 24.3689 23.3416 24.1521 24.2553H23.1383V18.2346C23.1383 17.9701 22.924 17.7559 22.6596 17.7559H19.4681C19.2036 17.7559 18.9893 17.9701 18.9893 18.2346C18.9893 18.499 19.2036 18.7133 19.4681 18.7133H22.1808V24.7341C22.1808 24.9985 22.3951 25.2128 22.6596 25.2128H24.1521C24.3689 26.1265 25.1911 26.8085 26.1702 26.8085C27.3141 26.8085 28.2447 25.8779 28.2447 24.7341C28.2447 23.5902 27.3141 22.6596 26.1702 22.6596ZM26.1702 25.8511C25.5543 25.8511 25.0532 25.3499 25.0532 24.7341C25.0532 24.1182 25.5543 23.617 26.1702 23.617C26.7861 23.617 27.2872 24.1182 27.2872 24.7341C27.2872 25.3499 26.7861 25.8511 26.1702 25.8511Z\"\/>\n<path d=\"M28.8601 10.3121C28.2149 9.51109 27.3386 8.9176 26.3635 8.61479C26.2537 6.34864 25.3135 4.23428 23.6929 2.62717C21.9844 0.933 19.7184 0 17.3123 0C14.1527 0 11.2289 1.64757 9.58468 4.32683C9.18485 4.20077 8.76925 4.13713 8.34421 4.13713C6.38866 4.13713 4.707 5.51751 4.30149 7.39915C1.79004 8.05066 0 10.3397 0 12.9639C0 16.1341 2.57911 18.7133 5.74934 18.7133H6.8617V24.2553H5.84789C5.63113 23.3416 4.80887 22.6596 3.82979 22.6596C2.68589 22.6596 1.75532 23.5901 1.75532 24.734C1.75532 25.8779 2.68589 26.8085 3.82979 26.8085C4.80887 26.8085 5.63113 26.1265 5.84789 25.2128H7.34043C7.60487 25.2128 7.81915 24.9985 7.81915 24.734V18.2346C7.81915 17.9701 7.60487 17.7558 7.34043 17.7558H5.74934C3.10711 17.7558 0.957447 15.6062 0.957447 12.9639C0.957447 10.6837 2.5784 8.70721 4.81168 8.2643C5.01306 8.2244 5.16664 8.06049 5.19326 7.85687C5.39936 6.28213 6.75396 5.09464 8.34421 5.09464C8.7817 5.09464 9.20598 5.18228 9.60523 5.35506C9.83157 5.45304 10.0951 5.36304 10.2144 5.14736C11.6431 2.56289 14.3629 0.957447 17.3123 0.957447C21.7411 0.957447 25.3766 4.55987 25.4165 8.988C25.4185 9.20923 25.5718 9.40021 25.7873 9.45006C27.704 9.89362 29.0426 11.5789 29.0426 13.5481C29.0426 15.8683 27.1551 17.7558 24.835 17.7558H24.5745C24.31 17.7558 24.0957 17.9701 24.0957 18.2346C24.0957 18.499 24.31 18.7133 24.5745 18.7133H24.8349C27.6829 18.7133 30 16.3962 30 13.5481C30 12.374 29.5951 11.2247 28.8601 10.3121ZM3.82979 25.8511C3.21389 25.8511 2.71277 25.3499 2.71277 24.734C2.71277 24.1181 3.21389 23.617 3.82979 23.617C4.44568 23.617 4.94681 24.1181 4.94681 24.734C4.94681 25.3499 4.44568 25.8511 3.82979 25.8511Z\"\/>\n<path d=\"M23.342 9.48554H23.3464C23.6108 9.48312 23.8232 9.26686 23.8208 9.00248C23.8136 8.21393 23.6648 7.44229 23.3784 6.70901C23.2821 6.46276 23.0046 6.34103 22.7583 6.43723C22.512 6.53342 22.3903 6.81101 22.4865 7.05733C22.7305 7.68184 22.8572 8.33923 22.8633 9.01116C22.8658 9.27414 23.0796 9.48554 23.342 9.48554Z\"\/>\n<path d=\"M21.5922 5.53765C21.6869 5.65229 21.8237 5.71152 21.9616 5.71152C22.069 5.71152 22.177 5.67558 22.2662 5.60186C22.47 5.43348 22.4988 5.13175 22.3304 4.92788C21.0838 3.41875 19.2547 2.55322 17.3124 2.55322C17.0479 2.55322 16.8336 2.7675 16.8336 3.03195C16.8336 3.29639 17.0479 3.51067 17.3124 3.51067C18.9681 3.51067 20.5281 4.24944 21.5922 5.53765Z\"\/>\n<\/svg>\n<\/div><\/div><\/div><div class=\"cont_box\"><div class=\"title\"><a href=\"\/fr\/service-detailed\/\" title = \"D\u00e9veloppement web\" >D\u00e9veloppement web<\/a><\/div><div class=\"description lines0\"><\/p>\n<p>Nous partons de la structuration de l'architecture de l'information et de la cartographie des fonctionnalit\u00e9s.\u00a0<\/p>\n<p><\/div><a href=\"\/fr\/service-detailed\/\" class=\"rm pos\"> <i class=\"nat-arrow-right8\"><\/i> <\/a><\/div><\/div><\/div><\/div><div class=\"kc-elm kc-css-582174 kc_col-sm-6 kc_column_inner kc_col-sm-6\"><div class=\"kc_wrapper kc-col-inner-container\"><div class=\"bgrlabel  kc-elm kc-css-793247 kc-animated kc-animate-eff-fadeInRight\" style=\"bottom:70px;right:0px;\"><div class=\"inside_wrap\"><div class=\"imgl\"><img class=\"lazyload\"    data-src=\"https:\/\/www.designforeu.com\/wp-content\/uploads\/2020\/02\/image-10.png\" alt=\"\"><\/div><\/div><\/div><\/div><\/div><\/div><div class=\"kc-elm kc-css-147430 kc_row kc_row_inner sst-flex-row-inner\"><div class=\"kc-elm kc-css-951444 kc_col-sm-6 kc_column_inner kc_col-sm-6\"><div class=\"kc_wrapper kc-col-inner-container\"><div class=\"bgrlabel  kc-elm kc-css-206393 kc-animated kc-animate-eff-fadeInLeft\" style=\"left:65px;bottom:80px;\"><div class=\"inside_wrap\"><div class=\"imgl\"><img class=\"lazyload\"    data-src=\"https:\/\/www.designforeu.com\/wp-content\/uploads\/2020\/02\/Untitled-1-9-1-1.png\" alt=\"\"><\/div><\/div><\/div><\/div><\/div><div class=\"kc-elm kc-css-491967 kc_col-sm-6 kc_column_inner kc_col-sm-6\"><div class=\"kc_wrapper kc-col-inner-container\"><div  class=\"ssc_icon_box kc-elm kc-css-268034 template3\"><div class=\"icon_box\"><div class=\"bgr_icon\"><i class=\"nat-cirleborder\" style=\"font-size:70px; width:70px; height:70px\"><\/i><\/div><div class=\"c_svg\" style=\"margin-top: -70px;\"><div><svg width=\"30\" height=\"30\" viewbox=\"0 0 30 30\" xmlns=\"http:\/\/www.w3.org\/2000\/svg\">\n<g clip-path=\"url(#clip0)\">\n<path d=\"M28.0314 15.0036C28.6627 13.7452 29.1596 12.4802 29.5045 11.2337C30.586 7.32804 30.0623 4.05755 28.0296 2.02507C25.9971 -0.00739911 22.7266 -0.53131 18.821 0.550158C17.5745 0.895083 16.3094 1.39221 15.051 2.02324C13.4855 1.23749 11.9176 0.662539 10.407 0.331346C6.89825 -0.437698 3.94087 0.163805 2.07982 2.02507C0.885286 3.21961 0.192459 4.898 0.076645 6.87898C-0.0274965 8.66105 0.33368 10.7061 1.12081 12.8127C0.474442 13.3238 0.0585632 14.1139 0.0585632 14.9999C0.0585632 15.8859 0.474442 16.676 1.12081 17.1871C0.33368 19.2938 -0.0274965 21.3391 0.076645 23.1209C0.192688 25.1019 0.885286 26.7803 2.07982 27.9748C3.41375 29.309 5.28532 29.9968 7.54599 29.9968C7.99986 29.9968 8.46953 29.9691 8.95385 29.9132C10.8923 29.6896 12.9634 29.0293 15.054 27.978C16.3115 28.6086 17.5756 29.105 18.821 29.4497C20.1501 29.8178 21.4057 30 22.5641 30C24.8092 30 26.6888 29.3156 28.0296 27.9748C29.8909 26.1138 30.4924 23.1564 29.7233 19.6474C29.3921 18.137 28.8172 16.5692 28.0314 15.0036V15.0036ZM19.0558 1.39862C22.6426 0.405504 25.6085 0.849078 27.407 2.64763C29.2056 4.44619 29.6492 7.41204 28.656 10.9989C28.3779 12.0036 27.9959 13.0222 27.5208 14.0398C26.6693 12.5129 25.6222 11 24.4089 9.5569C24.7806 9.08311 25.0031 8.48687 25.0031 7.83937C25.0031 7.21337 24.8005 6.62194 24.4169 6.12893L23.722 6.66932C23.9843 7.00646 24.1228 7.41113 24.1228 7.83937C24.1228 8.89131 23.267 9.74687 22.2153 9.74687C21.1636 9.74687 20.3078 8.89131 20.3078 7.83937C20.3078 6.78742 21.1636 5.93186 22.2153 5.93186C22.5586 5.93186 22.8953 6.02387 23.1885 6.19828L23.6385 5.4416C23.2091 5.18639 22.717 5.05135 22.2153 5.05135C21.5678 5.05135 20.9715 5.27406 20.498 5.64576C19.0547 4.43246 17.5417 3.38532 16.0149 2.53365C17.0325 2.05872 18.051 1.67672 19.0558 1.39862V1.39862ZM2.70238 2.64763C5.08253 0.267488 9.44686 0.356295 14.0909 2.53113C11.8238 3.79548 9.60021 5.48852 7.57163 7.51687C6.06741 9.02108 4.74356 10.6368 3.63142 12.3234C3.38079 12.2506 3.11712 12.2119 2.84658 12.2119C2.51356 12.2119 2.19426 12.271 1.89786 12.3783C0.37259 8.22114 0.658235 4.69155 2.70238 2.64763ZM7.56888 29.1133C5.57737 29.1133 3.88433 28.5342 2.70215 27.3523C0.658235 25.3083 0.372361 21.779 1.89786 17.6216C2.19426 17.7291 2.51356 17.788 2.84658 17.788C3.11872 17.788 3.38148 17.7479 3.6305 17.6749C4.74264 19.3622 6.06695 20.9783 7.57163 22.483C9.59952 24.5107 11.8224 26.2033 14.0888 27.4676C11.7609 28.5571 9.52125 29.1135 7.56888 29.1133V29.1133ZM15.0522 26.9886C12.6743 25.7395 10.3262 23.9923 8.19419 21.8605C6.76161 20.4277 5.49795 18.8923 4.4325 17.2911C5.15806 16.7873 5.63437 15.9484 5.63437 15.0002C5.63437 14.9175 5.63093 14.834 5.62361 14.7518L4.74653 14.8294C4.75157 14.8857 4.75408 14.943 4.75408 14.9999C4.75408 16.0519 3.89829 16.9074 2.84658 16.9074C1.79486 16.9074 0.939074 16.0519 0.939074 14.9999C0.939074 13.948 1.79486 13.0924 2.84658 13.0924C3.57305 13.0924 4.22697 13.4962 4.5529 14.146L5.33979 13.7514C5.12464 13.3222 4.81108 12.9668 4.43434 12.7056C5.49955 11.1057 6.76253 9.57109 8.19419 8.13943C10.3267 6.00694 12.6757 4.25919 15.0542 3.01018C16.6731 3.86231 18.311 4.96094 19.8979 6.29144C19.6008 6.73455 19.4273 7.26693 19.4273 7.83937C19.4273 9.37654 20.6781 10.6271 22.2153 10.6271C22.7877 10.6271 23.3201 10.4537 23.7632 10.1566C25.0937 11.7434 26.1921 13.3815 27.0442 15.0002C25.7952 17.3787 24.0475 19.7277 21.9152 21.8605C21.6806 22.0948 21.4396 22.3278 21.1961 22.556C20.7102 22.145 20.0828 21.8964 19.398 21.8964C18.772 21.8964 18.1806 22.0992 17.6875 22.4826L18.2282 23.1774C18.5651 22.9154 18.9697 22.7769 19.398 22.7767C20.4497 22.7767 21.3055 23.6325 21.3055 24.6842C21.3055 25.7361 20.4497 26.5917 19.398 26.5917C18.3463 26.5917 17.4905 25.7361 17.4905 24.6842C17.4905 24.3408 17.5825 24.0044 17.7569 23.7112L17.0002 23.261C16.745 23.6904 16.61 24.1825 16.61 24.6842C16.61 25.1259 16.7136 25.5434 16.8972 25.9149C16.2804 26.3085 15.6642 26.6665 15.0522 26.9886V26.9886ZM27.407 27.3523C25.6085 29.151 22.6426 29.5944 19.0558 28.6015C18.0517 28.3234 17.0341 27.9419 16.0172 27.4671C16.4809 27.2081 16.9448 26.93 17.4074 26.6338C17.9139 27.1506 18.6189 27.4722 19.398 27.4722C20.9351 27.4722 22.186 26.2216 22.186 24.6844C22.186 24.149 22.034 23.6489 21.7715 23.2237C22.031 22.9808 22.2878 22.7327 22.5376 22.483C24.5661 20.4542 26.259 18.2306 27.5235 15.9635C29.6984 20.6078 29.7872 24.9721 27.407 27.3523V27.3523Z\"\/>\n<path d=\"M22.2739 19.5487H21.3643V17.3306C21.3643 16.3496 20.7049 15.4785 19.7607 15.2121L19.4316 15.1194L19.1926 15.9667L19.5218 16.0596C20.088 16.2194 20.4838 16.7419 20.4838 17.3306V19.5487H18.899V18.3455H18.0187V19.5487H14.0568V20.429H22.2739V19.5487Z\"\/>\n<path d=\"M16.5106 15.2103L18.3453 15.7281L18.5845 14.8805L16.7862 14.3733V13.2042C17.6003 12.6489 18.1361 11.7144 18.1361 10.6567V9.36538C18.1361 7.66638 16.7539 6.28394 15.0547 6.28394C13.3557 6.28394 11.9733 7.66638 11.9733 9.36538V10.6567C11.9733 11.7144 12.5091 12.6489 13.3232 13.2042V14.3733L10.3487 15.2122C9.40453 15.4786 8.74512 16.3497 8.74512 17.3307V19.5488H7.83554V20.4291H13.1765V19.5488H12.0907V18.3456H11.2104V19.5488H9.62563V17.3307C9.62563 16.742 10.0214 16.2195 10.5876 16.0597L13.5988 15.2106C13.9696 15.6161 14.4933 15.8512 15.0547 15.8512C15.6161 15.8512 16.1401 15.6159 16.5106 15.2103V15.2103ZM15.0547 7.16445C16.2682 7.16445 17.2556 8.15184 17.2556 9.3656V9.85587L16.3303 8.63181H12.9799C13.2827 7.77785 14.0982 7.16445 15.0547 7.16445ZM12.8538 10.6567V9.51232H15.8922L17.1826 11.2189C16.9334 12.1612 16.0739 12.8577 15.0547 12.8577C13.8412 12.8577 12.8538 11.8703 12.8538 10.6567ZM14.2037 14.5644V13.6175C14.474 13.6956 14.7594 13.7382 15.0547 13.7382C15.35 13.7382 15.6351 13.6956 15.9057 13.6175V14.5644C15.6988 14.8206 15.3889 14.9707 15.0547 14.9707C14.7205 14.9707 14.4104 14.8206 14.2037 14.5644Z\"\/>\n<path d=\"M17.3797 17.285L16.1396 16.9352L16.3788 16.0879L17.6186 16.4376L17.3797 17.285Z\"\/>\n<path d=\"M19.3123 16.9138L19.0732 17.7611L18.2258 17.5221L18.465 16.6748L19.3123 16.9138Z\"\/>\n<path d=\"M21.7751 7.39941H22.6554V8.27993H21.7751V7.39941Z\"\/>\n<path d=\"M18.9578 24.2444H19.8381V25.1247H18.9578V24.2444Z\"\/>\n<path d=\"M2.40619 14.5601H3.2867V15.4403H2.40619V14.5601Z\"\/>\n<\/g>\n<defs>\n<clippath>\n<rect width=\"30\" height=\"30\" fill=\"white\"\/>\n<\/clippath>\n<\/defs>\n<\/svg>\n<\/div><\/div><\/div><div class=\"cont_box\"><div class=\"title\"><a href=\"\/fr\/service-detailed\/\" title = \"E - commerce\" >E - commerce<\/a><\/div><div class=\"description lines0\"><\/p>\n<p>Nous cr\u00e9ons des exp\u00e9riences d'achat num\u00e9riques pour atteindre des objectifs de vente ambitieux pour votre entreprise de commerce \u00e9lectronique.<\/p>\n<p><\/div><a href=\"\/fr\/service-detailed\/\" class=\"rm pos\"> <i class=\"nat-arrow-right8\"><\/i> <\/a><\/div><\/div><\/div><\/div><\/div><div class=\"kc-elm kc-css-399959 kc_row kc_row_inner sst-flex-row-inner\"><div class=\"kc-elm kc-css-35645 kc_col-sm-6 kc_column_inner kc_col-sm-6\"><div class=\"kc_wrapper kc-col-inner-container\"><div  class=\"ssc_icon_box kc-elm kc-css-706333 template3\"><div class=\"icon_box\"><div class=\"bgr_icon\"><i class=\"nat-cirleborder\" style=\"font-size:70px; width:70px; height:70px\"><\/i><\/div><div class=\"c_svg\" style=\"margin-top: -70px;\"><div><svg width=\"32\" height=\"32\" viewbox=\"0 0 32 32\" xmlns=\"http:\/\/www.w3.org\/2000\/svg\">\n<path d=\"M25.375 25.5156C25.1161 25.5156 24.9062 25.7254 24.9062 25.9844V27.4062H9.97919C9.72025 27.4062 9.51044 27.6161 9.51044 27.875C9.51044 28.1339 9.72025 28.3438 9.97919 28.3438H24.9062V29.6562C24.9062 30.4316 24.2754 31.0625 23.5 31.0625H8.5C7.72462 31.0625 7.09375 30.4316 7.09375 29.6562V28.3438H7.97919C8.23813 28.3438 8.44794 28.1339 8.44794 27.875C8.44794 27.6161 8.23813 27.4062 7.97919 27.4062H7.09375V8C7.09375 7.74106 6.88394 7.53125 6.625 7.53125C6.36606 7.53125 6.15625 7.74106 6.15625 8V29.6562C6.15625 30.9486 7.20763 32 8.5 32H23.5C24.7924 32 25.8438 30.9486 25.8438 29.6562V25.9844C25.8438 25.7254 25.6339 25.5156 25.375 25.5156Z\"\/>\n<path d=\"M23.5 0H8.5C7.20763 0 6.15625 1.05138 6.15625 2.34375V5.97656C6.15625 6.2355 6.36606 6.44531 6.625 6.44531C6.88394 6.44531 7.09375 6.2355 7.09375 5.97656V4.59375H24.9062V23.9844C24.9062 24.2433 25.1161 24.4531 25.375 24.4531C25.6339 24.4531 25.8438 24.2433 25.8438 23.9844V2.34375C25.8438 1.05138 24.7924 0 23.5 0ZM24.9062 3.65625H7.09375V2.34375C7.09375 1.56837 7.72462 0.9375 8.5 0.9375H23.5C24.2754 0.9375 24.9062 1.56837 24.9062 2.34375V3.65625Z\"\/>\n<path d=\"M22.2853 11.0656C21.5579 10.1567 20.5464 9.65625 19.4375 9.65625C17.7042 9.65625 16.5582 10.6126 16 11.229C15.4418 10.6126 14.2958 9.65625 12.5625 9.65625C11.4536 9.65625 10.4421 10.1567 9.71469 11.0656C9.03219 11.9182 8.65625 13.053 8.65625 14.2608C8.65625 16.0681 9.56656 19.5917 15.6631 22.8837C15.7686 22.9407 15.8843 22.9692 16.0001 22.9692C16.1157 22.9692 16.2313 22.9407 16.3367 22.8838C22.4334 19.5917 23.3438 16.0681 23.3438 14.2608C23.3438 13.053 22.9678 11.9182 22.2853 11.0656ZM16 21.9998C11.8676 19.7423 9.59375 16.9969 9.59375 14.2608C9.59375 12.1703 10.8701 10.5938 12.5625 10.5938C14.2839 10.5938 15.2833 11.7898 15.5486 12.1564H15.5486C15.6532 12.3009 15.8219 12.3871 16 12.3871C16.1781 12.3871 16.3468 12.3009 16.4514 12.1564C16.7167 11.7898 17.7161 10.5938 19.4375 10.5938C21.1299 10.5938 22.4062 12.1703 22.4062 14.2608C22.4062 16.9969 20.1326 19.7422 16 21.9998Z\"\/>\n<path d=\"M17.625 1.78125H14.375C14.1161 1.78125 13.9062 1.99106 13.9062 2.25C13.9062 2.50894 14.1161 2.71875 14.375 2.71875H17.625C17.8839 2.71875 18.0938 2.50894 18.0938 2.25C18.0938 1.99106 17.8839 1.78125 17.625 1.78125Z\"\/>\n<path d=\"M17.625 29.2812H14.375C14.1161 29.2812 13.9062 29.4911 13.9062 29.75C13.9062 30.0089 14.1161 30.2188 14.375 30.2188H17.625C17.8839 30.2188 18.0938 30.0089 18.0938 29.75C18.0938 29.4911 17.8839 29.2812 17.625 29.2812Z\"\/>\n<\/svg>\n<\/div><\/div><\/div><div class=\"cont_box\"><div class=\"title\"><a href=\"\/fr\/service-detailed\/\" title = \"D\u00e9veloppement d&#039;app\" >D\u00e9veloppement d'app<\/a><\/div><div class=\"description lines0\"><\/p>\n<p>Nos d\u00e9veloppeurs d'applications professionnels cr\u00e9ent des applications mobiles personnalis\u00e9es pour vous aider \u00e0 d\u00e9velopper votre entreprise.<\/p>\n<p><\/div><a href=\"\/fr\/service-detailed\/\" class=\"rm pos\"> <i class=\"nat-arrow-right8\"><\/i> <\/a><\/div><\/div><\/div><\/div><div class=\"kc-elm kc-css-490916 kc_col-sm-6 kc_column_inner kc_col-sm-6\"><div class=\"kc_wrapper kc-col-inner-container\"><div class=\"bgrlabel  kc-elm kc-css-921650 kc-animated kc-animate-eff-fadeInRight\" style=\"bottom:0px;right:15px;\"><div class=\"inside_wrap\"><div class=\"imgl\"><img class=\"lazyload\"    data-src=\"https:\/\/www.designforeu.com\/wp-content\/uploads\/2020\/02\/image-12.png\" alt=\"\"><\/div><\/div><\/div><\/div><\/div><\/div><div class=\"kc-elm kc-css-640899 kc_row kc_row_inner sst-flex-row-inner\"><div class=\"kc-elm kc-css-515788 kc_col-sm-6 kc_column_inner kc_col-sm-6\"><div class=\"kc_wrapper kc-col-inner-container\"><div class=\"bgrlabel  kc-elm kc-css-799453 kc-animated kc-animate-eff-fadeInLeft\" style=\"left:15px;bottom:10px;\"><div class=\"inside_wrap\"><div class=\"imgl\"><img class=\"lazyload\"    data-src=\"https:\/\/www.designforeu.com\/wp-content\/uploads\/2020\/01\/home2_Sculpt.png\" alt=\"\"><\/div><\/div><\/div><\/div><\/div><div class=\"kc-elm kc-css-495888 kc_col-sm-6 kc_column_inner kc_col-sm-6\"><div class=\"kc_wrapper kc-col-inner-container\"><div  class=\"ssc_icon_box kc-elm kc-css-554464 template3\"><div class=\"icon_box\"><div class=\"bgr_icon\"><i class=\"nat-cirleborder\" style=\"font-size:70px; width:70px; height:70px\"><\/i><\/div><div class=\"c_svg\" style=\"margin-top: -70px;\"><div><svg width=\"30\" height=\"30\" viewbox=\"0 0 30 30\" xmlns=\"http:\/\/www.w3.org\/2000\/svg\">\n<path d=\"M18.1641 11.1328C17.8406 11.1328 17.5781 11.3953 17.5781 11.7188C17.5781 12.0422 17.8406 12.3047 18.1641 12.3047C18.4875 12.3047 18.75 12.0422 18.75 11.7188C18.75 11.3953 18.4875 11.1328 18.1641 11.1328Z\"\/>\n<path d=\"M29.3133 25.9992L21.4922 18.1781C22.7664 16.2589 23.4375 14.0364 23.4375 11.7188C23.4375 5.25703 18.1805 0 11.7188 0C5.25703 0 0 5.25703 0 11.7188C0 18.1805 5.25703 23.4375 11.7188 23.4375C14.0365 23.4375 16.2589 22.7663 18.1781 21.4923L20.3399 23.6541C20.3402 23.6544 20.3405 23.6547 20.3408 23.6551L25.9991 29.3133C26.442 29.7561 27.0304 30 27.6562 30C28.2821 30 28.8705 29.7561 29.3132 29.3135C29.7561 28.871 30 28.2824 30 27.6562C30 27.0301 29.7561 26.4415 29.3133 25.9992ZM17.9025 20.2574C17.9025 20.2575 17.9024 20.2575 17.9024 20.2576C16.0938 21.5712 13.9556 22.2656 11.7188 22.2656C5.9032 22.2656 1.17188 17.5343 1.17188 11.7188C1.17188 5.9032 5.9032 1.17188 11.7188 1.17188C17.5343 1.17188 22.2656 5.9032 22.2656 11.7188C22.2656 13.9556 21.5712 16.0938 20.2575 17.9024C19.6003 18.8079 18.8079 19.6003 17.9025 20.2574ZM19.1318 20.7887C19.7382 20.2925 20.2926 19.7382 20.7887 19.1318L22.451 20.7942C21.9455 21.3908 21.3908 21.9455 20.7942 22.451L19.1318 20.7887ZM28.4847 28.4847C28.2632 28.7062 27.969 28.8281 27.6562 28.8281C27.3435 28.8281 27.0493 28.7062 26.8278 28.4847L21.625 23.2819C22.2183 22.7726 22.7726 22.2184 23.2818 21.625L28.4848 26.828C28.7062 27.0492 28.8281 27.3432 28.8281 27.6562C28.8281 27.9693 28.7062 28.2633 28.4847 28.4847Z\"\/>\n<path d=\"M11.7188 2.34375C6.54932 2.34375 2.34375 6.54932 2.34375 11.7188C2.34375 16.8882 6.54932 21.0938 11.7188 21.0938C16.8882 21.0938 21.0938 16.8882 21.0938 11.7188C21.0938 6.54932 16.8882 2.34375 11.7188 2.34375ZM11.7188 19.9219C7.19555 19.9219 3.51562 16.242 3.51562 11.7188C3.51562 7.19555 7.19555 3.51562 11.7188 3.51562C16.242 3.51562 19.9219 7.19555 19.9219 11.7188C19.9219 16.242 16.242 19.9219 11.7188 19.9219Z\"\/>\n<path d=\"M18.2851 9.2035C17.7805 7.89029 16.902 6.76752 15.7444 5.95664C14.5593 5.12637 13.1673 4.6875 11.7188 4.6875C11.3952 4.6875 11.1328 4.94988 11.1328 5.27344C11.1328 5.59699 11.3952 5.85937 11.7188 5.85937C14.1269 5.85937 16.326 7.37215 17.1912 9.62385C17.2807 9.85682 17.5027 9.99978 17.7383 9.99978C17.8081 9.99978 17.8792 9.98719 17.9483 9.96064C18.2503 9.84457 18.4011 9.50561 18.2851 9.2035Z\"\/>\n<\/svg>\n<\/div><\/div><\/div><div class=\"cont_box\"><div class=\"title\"><a href=\"\/fr\/service-detailed\/\" title = \"Optimisation du r\u00e9f\u00e9rencement\" >Optimisation du r\u00e9f\u00e9rencement<\/a><\/div><div class=\"description lines0\"><\/p>\n<p>Point culminant du contenu du site Web et de la pr\u00e9sence hors site pour am\u00e9liorer les classements dans les principaux moteurs de recherche.<\/p>\n<p><\/div><a href=\"\/fr\/service-detailed\/\" class=\"rm pos\"> <i class=\"nat-arrow-right8\"><\/i> <\/a><\/div><\/div><\/div><\/div><\/div><\/div><\/div><\/div><\/div><\/section><\/p>","protected":false},"excerpt":{"rendered":"","protected":false},"author":2,"featured_media":0,"parent":0,"menu_order":0,"comment_status":"closed","ping_status":"closed","template":"","meta":[],"_links":{"self":[{"href":"https:\/\/www.designforeu.com\/fr\/wp-json\/wp\/v2\/pages\/3051"}],"collection":[{"href":"https:\/\/www.designforeu.com\/fr\/wp-json\/wp\/v2\/pages"}],"about":[{"href":"https:\/\/www.designforeu.com\/fr\/wp-json\/wp\/v2\/types\/page"}],"author":[{"embeddable":true,"href":"https:\/\/www.designforeu.com\/fr\/wp-json\/wp\/v2\/users\/2"}],"replies":[{"embeddable":true,"href":"https:\/\/www.designforeu.com\/fr\/wp-json\/wp\/v2\/comments?post=3051"}],"version-history":[{"count":6,"href":"https:\/\/www.designforeu.com\/fr\/wp-json\/wp\/v2\/pages\/3051\/revisions"}],"predecessor-version":[{"id":12277,"href":"https:\/\/www.designforeu.com\/fr\/wp-json\/wp\/v2\/pages\/3051\/revisions\/12277"}],"wp:attachment":[{"href":"https:\/\/www.designforeu.com\/fr\/wp-json\/wp\/v2\/media?parent=3051"}],"curies":[{"name":"wp","href":"https:\/\/api.w.org\/{rel}","templated":true}]}}